{"id":1597,"date":"2025-11-18T11:05:17","date_gmt":"2025-11-18T11:05:17","guid":{"rendered":"https:\/\/bcmgroupe.com\/?page_id=1597"},"modified":"2025-11-19T12:21:45","modified_gmt":"2025-11-19T12:21:45","slug":"charte-graphique","status":"publish","type":"page","link":"https:\/\/bcmgroupe.com\/index.php\/charte-graphique\/","title":{"rendered":"Charte graphique"},"content":{"rendered":"\n<p>Encore appel\u00e9e cahier des normes graphiques, la charte graphique est un document de travail qui contient l\u2019ensemble des r\u00e8gles fondamentales d\u2019utilisation des signes graphiques qui constituent l\u2019identit\u00e9 graphique d\u2019une organisation, d\u2019un produit, d\u2019une entreprise\u2026 <\/p>\n\n\n\n<p>Du latin Charta qui signifie \u00ab papier \u00bb et qui en fran\u00e7ais a pris le sens de \u00ab loi, r\u00e8gle fondamentale \u00bb, elle permet aux entreprises de garantir une identit\u00e9 visuelle homog\u00e8ne qui distingue votre marque des autres et permet ainsi aux clients de l\u2019identifier.<br>De plus, elle conserve une coh\u00e9rence graphique sur l\u2019ensemble des supports de communication d\u2019une entreprise. L\u2019identit\u00e9<br>graphique reste intacte quelles que soient les r\u00e9alisations graphiques afin que l\u2019entreprise parle d\u2019une seule voix. La Charte graphique permet au r\u00e9cepteur d\u2019identifier facilement l\u2019\u00e9metteur, et par habitude si la coh\u00e9rence est respect\u00e9e, de se rep\u00e9rer visuellement dans les diff\u00e9rentes r\u00e9alisations graphiques au sein m\u00eame d\u2019un m\u00eame support graphique.<\/p>\n\n\n\n<p><\/p>\n","protected":false},"excerpt":{"rendered":"<p>Encore appel\u00e9e cahier des normes graphiques, la charte graphique est un document de travail qui contient l\u2019ensemble des r\u00e8gles fondamentales d\u2019utilisation des signes graphiques qui constituent l\u2019identit\u00e9 graphique d\u2019une organisation, d\u2019un produit, d\u2019une entreprise\u2026 Du latin Charta qui signifie \u00ab papier \u00bb et qui en fran\u00e7ais a pris le sens de \u00ab loi, r\u00e8gle fondamentale [&hellip;]<\/p>\n","protected":false},"author":1,"featured_media":0,"parent":0,"menu_order":0,"comment_status":"closed","ping_status":"closed","template":"","meta":{"footnotes":""},"class_list":["post-1597","page","type-page","status-publish","hentry"],"blocksy_meta":[],"_links":{"self":[{"href":"https:\/\/bcmgroupe.com\/index.php\/wp-json\/wp\/v2\/pages\/1597","targetHints":{"allow":["GET"]}}],"collection":[{"href":"https:\/\/bcmgroupe.com\/index.php\/wp-json\/wp\/v2\/pages"}],"about":[{"href":"https:\/\/bcmgroupe.com\/index.php\/wp-json\/wp\/v2\/types\/page"}],"author":[{"embeddable":true,"href":"https:\/\/bcmgroupe.com\/index.php\/wp-json\/wp\/v2\/users\/1"}],"replies":[{"embeddable":true,"href":"https:\/\/bcmgroupe.com\/index.php\/wp-json\/wp\/v2\/comments?post=1597"}],"version-history":[{"count":3,"href":"https:\/\/bcmgroupe.com\/index.php\/wp-json\/wp\/v2\/pages\/1597\/revisions"}],"predecessor-version":[{"id":1636,"href":"https:\/\/bcmgroupe.com\/index.php\/wp-json\/wp\/v2\/pages\/1597\/revisions\/1636"}],"wp:attachment":[{"href":"https:\/\/bcmgroupe.com\/index.php\/wp-json\/wp\/v2\/media?parent=1597"}],"curies":[{"name":"wp","href":"https:\/\/api.w.org\/{rel}","templated":true}]}}