{"id":1571,"date":"2025-11-18T10:20:49","date_gmt":"2025-11-18T10:20:49","guid":{"rendered":"https:\/\/bcmgroupe.com\/?page_id=1571"},"modified":"2025-11-19T13:52:21","modified_gmt":"2025-11-19T13:52:21","slug":"marketing-digital","status":"publish","type":"page","link":"https:\/\/bcmgroupe.com\/index.php\/marketing-digital\/","title":{"rendered":"Marketing Digital"},"content":{"rendered":"\n<p>Elle permet de b\u00e9n\u00e9ficier d\u2019une bonne image de marque pour toutes entreprises. En effet, elle engendre une notori\u00e9t\u00e9 positive et une<br>valorisation des produits et services propos\u00e9s. La perception et l&rsquo;efficacit\u00e9 que l&rsquo;on attribue \u00e0 nos produits ou services est<br>g\u00e9n\u00e9ralement diff\u00e9rente de ceux des autres en dehors de l\u2019entreprise d&rsquo;o\u00f9 l&rsquo;importance d\u2019une bonne service de gestion d\u2019image de marque bien<br>d\u00e9finie \u00e0 travers les outils n\u00e9cessaires.<\/p>\n","protected":false},"excerpt":{"rendered":"<p>Elle permet de b\u00e9n\u00e9ficier d\u2019une bonne image de marque pour toutes entreprises. En effet, elle engendre une notori\u00e9t\u00e9 positive et unevalorisation des produits et services propos\u00e9s. La perception et l&rsquo;efficacit\u00e9 que l&rsquo;on attribue \u00e0 nos produits ou services estg\u00e9n\u00e9ralement diff\u00e9rente de ceux des autres en dehors de l\u2019entreprise d&rsquo;o\u00f9 l&rsquo;importance d\u2019une bonne service de gestion [&hellip;]<\/p>\n","protected":false},"author":1,"featured_media":0,"parent":0,"menu_order":0,"comment_status":"closed","ping_status":"closed","template":"","meta":{"footnotes":""},"class_list":["post-1571","page","type-page","status-publish","hentry"],"blocksy_meta":[],"_links":{"self":[{"href":"https:\/\/bcmgroupe.com\/index.php\/wp-json\/wp\/v2\/pages\/1571","targetHints":{"allow":["GET"]}}],"collection":[{"href":"https:\/\/bcmgroupe.com\/index.php\/wp-json\/wp\/v2\/pages"}],"about":[{"href":"https:\/\/bcmgroupe.com\/index.php\/wp-json\/wp\/v2\/types\/page"}],"author":[{"embeddable":true,"href":"https:\/\/bcmgroupe.com\/index.php\/wp-json\/wp\/v2\/users\/1"}],"replies":[{"embeddable":true,"href":"https:\/\/bcmgroupe.com\/index.php\/wp-json\/wp\/v2\/comments?post=1571"}],"version-history":[{"count":3,"href":"https:\/\/bcmgroupe.com\/index.php\/wp-json\/wp\/v2\/pages\/1571\/revisions"}],"predecessor-version":[{"id":1655,"href":"https:\/\/bcmgroupe.com\/index.php\/wp-json\/wp\/v2\/pages\/1571\/revisions\/1655"}],"wp:attachment":[{"href":"https:\/\/bcmgroupe.com\/index.php\/wp-json\/wp\/v2\/media?parent=1571"}],"curies":[{"name":"wp","href":"https:\/\/api.w.org\/{rel}","templated":true}]}}